{"id":407,"date":"2020-12-03T17:34:27","date_gmt":"2020-12-03T19:34:27","guid":{"rendered":"https:\/\/dev.createstorm.com.br\/cambuhy\/?page_id=407"},"modified":"2023-10-26T17:02:51","modified_gmt":"2023-10-26T20:02:51","slug":"cambuhy-consciente","status":"publish","type":"page","link":"https:\/\/dev.createstorm.com.br\/cambuhy\/cambuhy-consciente\/","title":{"rendered":"CAMBUHY CONSCIENTE"},"content":{"rendered":"\n<p>Ao longo da hist\u00f3ria o homem tem realizado modifica\u00e7\u00f5es em nosso planeta. A Terra n\u00e3o \u00e9 a mesma, e mais do que nunca \u00e9 momento de nos conscientizarmos sobre o uso adequado dos recursos que ela nos proporciona e a forma como iremos devolver os res\u00edduos \u00e0 natureza.<\/p>\n\n\n\n<p>Pensando nisso, a Cambuhy Agr\u00edcola decidiu fazer a sua parte, e mais do que se preocupar com todas essas quest\u00f5es, decidiu agir, desenvolvendo o Programa Cambuhy Consciente que promove a coleta de todo o lixo produzido durante as colheitas e faz a destina\u00e7\u00e3o correta, al\u00e9m de conscientizar todos os colaboradores a respeito do uso e destina\u00e7\u00e3o adequada do lixo que produzimos. \u00c9 tirar da natureza aquilo que n\u00e3o lhe pertence e devolver os res\u00edduos se preocupando com o menor impacto ao meio ambiente.<\/p>\n\n\n<p>&nbsp;<\/p>\n<table class=\"tabela-cambuhy-consciente text-justify\">\n<tbody>\n<tr>\n<td>\n<h4>O QUE \u00c9?<\/h4>\n<p>Um programa de conscientiza\u00e7\u00e3o e incentivo \u00e0 destina\u00e7\u00e3o adequada de res\u00edduos.<\/p>\n<\/td>\n<td><img loading=\"lazy\" decoding=\"async\" class=\"alignright size-full wp-image-825\" src=\"https:\/\/dev.createstorm.com.br\/cambuhy\/wp-content\/uploads\/2021\/10\/ImagensCC_1.jpg\" alt=\"\" width=\"500\" height=\"500\"><\/td>\n<\/tr>\n<tr>\n<td><img loading=\"lazy\" decoding=\"async\" class=\"alignright size-full wp-image-826\" src=\"https:\/\/dev.createstorm.com.br\/cambuhy\/wp-content\/uploads\/2021\/10\/ImagensCC_2.jpg\" alt=\"\" width=\"500\" height=\"500\"><\/td>\n<td>\n<h4>O QUE FAZ?<\/h4>\n<p>Ap\u00f3s a colheita, todos os res\u00edduos n\u00e3o org\u00e2nicos e que podem afetar o bioma natural da regi\u00e3o, s\u00e3o recolhidos. Faz-se a sele\u00e7\u00e3o desses materiais e d\u00e1 o destino adequado para cada grupo de lixo. H\u00e1 conscientiza\u00e7\u00e3o dos trabalhadores da fazenda sobre a import\u00e2ncia da n\u00e3o polui\u00e7\u00e3o e do descarte adequado do lixo produzido.&nbsp;<\/p>\n<\/td>\n<\/tr>\n<tr>\n<td>\n<h4>A CONQUISTA!<\/h4>\n<p>At\u00e9 o momento, centenas de quilos de dejetos descartados de forma adequada, as fazendas mais limpas, solo mais produtivo e a maturidade ambiental de todos os envolvidos.<\/p>\n<\/td>\n<td><img loading=\"lazy\" decoding=\"async\" class=\"alignright size-full wp-image-827\" src=\"https:\/\/dev.createstorm.com.br\/cambuhy\/wp-content\/uploads\/2021\/10\/ImagensCC_3.jpg\" alt=\"\" width=\"500\" height=\"500\"><\/td>\n<\/tr>\n<\/tbody>\n<\/table>\n\n\n<p><\/p>\n","protected":false},"excerpt":{"rendered":"<p>Ao longo da hist\u00f3ria o homem tem realizado modifica\u00e7\u00f5es em nosso planeta. A Terra n\u00e3o \u00e9 a mesma, e mais do que nunca \u00e9 momento de nos conscientizarmos sobre o uso adequado dos recursos que ela nos proporciona e a forma como iremos devolver os res\u00edduos \u00e0 natureza. Pensando nisso, a Cambuhy Agr\u00edcola decidiu fazer [&hellip;]<\/p>\n","protected":false},"author":2,"featured_media":526,"parent":0,"menu_order":0,"comment_status":"closed","ping_status":"closed","template":"page-default.php","meta":{"footnotes":""},"_links":{"self":[{"href":"https:\/\/dev.createstorm.com.br\/cambuhy\/wp-json\/wp\/v2\/pages\/407"}],"collection":[{"href":"https:\/\/dev.createstorm.com.br\/cambuhy\/wp-json\/wp\/v2\/pages"}],"about":[{"href":"https:\/\/dev.createstorm.com.br\/cambuhy\/wp-json\/wp\/v2\/types\/page"}],"author":[{"embeddable":true,"href":"https:\/\/dev.createstorm.com.br\/cambuhy\/wp-json\/wp\/v2\/users\/2"}],"replies":[{"embeddable":true,"href":"https:\/\/dev.createstorm.com.br\/cambuhy\/wp-json\/wp\/v2\/comments?post=407"}],"version-history":[{"count":1,"href":"https:\/\/dev.createstorm.com.br\/cambuhy\/wp-json\/wp\/v2\/pages\/407\/revisions"}],"predecessor-version":[{"id":1291,"href":"https:\/\/dev.createstorm.com.br\/cambuhy\/wp-json\/wp\/v2\/pages\/407\/revisions\/1291"}],"wp:featuredmedia":[{"embeddable":true,"href":"https:\/\/dev.createstorm.com.br\/cambuhy\/wp-json\/wp\/v2\/media\/526"}],"wp:attachment":[{"href":"https:\/\/dev.createstorm.com.br\/cambuhy\/wp-json\/wp\/v2\/media?parent=407"}],"curies":[{"name":"wp","href":"https:\/\/api.w.org\/{rel}","templated":true}]}}