{"id":17,"date":"2018-12-09T14:15:30","date_gmt":"2018-12-09T16:15:30","guid":{"rendered":"http:\/\/localhost\/cambhuy\/wordpress\/?page_id=17"},"modified":"2023-10-26T18:37:51","modified_gmt":"2023-10-26T21:37:51","slug":"culturas","status":"publish","type":"page","link":"https:\/\/dev.createstorm.com.br\/cambuhy\/culturas\/","title":{"rendered":"Culturas"},"content":{"rendered":"\r\n<p>Diversidade, tecnologia e planejamento estrat\u00e9gicos s\u00e3o as diretrizes que regem a gest\u00e3o de neg\u00f3cios da Cambuhy Agr\u00edcola, um modelo operacional que visa produtividade e alta qualidade no cultivo de Laranja e Cana-de-A\u00e7\u00facar.<\/p>\r\n\r\n\r\n\r\n<figure class=\"wp-block-image\" style=\"text-align: center;\"><img decoding=\"async\" class=\"wp-image-152\" src=\"https:\/\/dev.createstorm.com.br\/cambuhy\/wp-content\/uploads\/2022\/01\/novo_gif_cambuhy.gif\" alt=\"\" \/><\/figure>\r\n\r\n\r\n\r\n<p>&nbsp;<\/p>\r\n","protected":false},"excerpt":{"rendered":"<p>Diversidade, tecnologia e planejamento estrat\u00e9gicos s\u00e3o as diretrizes que regem a gest\u00e3o de neg\u00f3cios da Cambuhy Agr\u00edcola, um modelo operacional que visa produtividade e alta qualidade no cultivo de Laranja e Cana-de-A\u00e7\u00facar. &nbsp;<\/p>\n","protected":false},"author":2,"featured_media":1174,"parent":0,"menu_order":0,"comment_status":"closed","ping_status":"closed","template":"page-culturas.php","meta":{"footnotes":""},"_links":{"self":[{"href":"https:\/\/dev.createstorm.com.br\/cambuhy\/wp-json\/wp\/v2\/pages\/17"}],"collection":[{"href":"https:\/\/dev.createstorm.com.br\/cambuhy\/wp-json\/wp\/v2\/pages"}],"about":[{"href":"https:\/\/dev.createstorm.com.br\/cambuhy\/wp-json\/wp\/v2\/types\/page"}],"author":[{"embeddable":true,"href":"https:\/\/dev.createstorm.com.br\/cambuhy\/wp-json\/wp\/v2\/users\/2"}],"replies":[{"embeddable":true,"href":"https:\/\/dev.createstorm.com.br\/cambuhy\/wp-json\/wp\/v2\/comments?post=17"}],"version-history":[{"count":2,"href":"https:\/\/dev.createstorm.com.br\/cambuhy\/wp-json\/wp\/v2\/pages\/17\/revisions"}],"predecessor-version":[{"id":1301,"href":"https:\/\/dev.createstorm.com.br\/cambuhy\/wp-json\/wp\/v2\/pages\/17\/revisions\/1301"}],"wp:featuredmedia":[{"embeddable":true,"href":"https:\/\/dev.createstorm.com.br\/cambuhy\/wp-json\/wp\/v2\/media\/1174"}],"wp:attachment":[{"href":"https:\/\/dev.createstorm.com.br\/cambuhy\/wp-json\/wp\/v2\/media?parent=17"}],"curies":[{"name":"wp","href":"https:\/\/api.w.org\/{rel}","templated":true}]}}