{"id":15,"date":"2018-12-09T14:15:09","date_gmt":"2018-12-09T16:15:09","guid":{"rendered":"http:\/\/localhost\/cambhuy\/wordpress\/?page_id=15"},"modified":"2023-10-26T17:12:17","modified_gmt":"2023-10-26T20:12:17","slug":"responsabilidade-social","status":"publish","type":"page","link":"https:\/\/dev.createstorm.com.br\/cambuhy\/responsabilidade-social\/","title":{"rendered":"Responsabilidade Social"},"content":{"rendered":"\r\n<p>Pessoas, ou melhor, fam\u00edlias! Essa \u00e9 nossa principal for\u00e7a de trabalho e \u00e9 por ela que a Cambuhy Agr\u00edcola zela. Seja no campo, na oficina, nos escrit\u00f3rios ou em qualquer outra \u00e1rea da empresa, existe uma grande aten\u00e7\u00e3o ao bem-estar, \u00e0 educa\u00e7\u00e3o e sa\u00fade dos nossos colaboradores.<\/p>\r\n","protected":false},"excerpt":{"rendered":"<p>Pessoas, ou melhor, fam\u00edlias! Essa \u00e9 nossa principal for\u00e7a de trabalho e \u00e9 por ela que a Cambuhy Agr\u00edcola zela. Seja no campo, na oficina, nos escrit\u00f3rios ou em qualquer outra \u00e1rea da empresa, existe uma grande aten\u00e7\u00e3o ao bem-estar, \u00e0 educa\u00e7\u00e3o e sa\u00fade dos nossos colaboradores.<\/p>\n","protected":false},"author":2,"featured_media":1514,"parent":0,"menu_order":0,"comment_status":"closed","ping_status":"closed","template":"page-social.php","meta":{"footnotes":""},"_links":{"self":[{"href":"https:\/\/dev.createstorm.com.br\/cambuhy\/wp-json\/wp\/v2\/pages\/15"}],"collection":[{"href":"https:\/\/dev.createstorm.com.br\/cambuhy\/wp-json\/wp\/v2\/pages"}],"about":[{"href":"https:\/\/dev.createstorm.com.br\/cambuhy\/wp-json\/wp\/v2\/types\/page"}],"author":[{"embeddable":true,"href":"https:\/\/dev.createstorm.com.br\/cambuhy\/wp-json\/wp\/v2\/users\/2"}],"replies":[{"embeddable":true,"href":"https:\/\/dev.createstorm.com.br\/cambuhy\/wp-json\/wp\/v2\/comments?post=15"}],"version-history":[{"count":2,"href":"https:\/\/dev.createstorm.com.br\/cambuhy\/wp-json\/wp\/v2\/pages\/15\/revisions"}],"predecessor-version":[{"id":1302,"href":"https:\/\/dev.createstorm.com.br\/cambuhy\/wp-json\/wp\/v2\/pages\/15\/revisions\/1302"}],"wp:featuredmedia":[{"embeddable":true,"href":"https:\/\/dev.createstorm.com.br\/cambuhy\/wp-json\/wp\/v2\/media\/1514"}],"wp:attachment":[{"href":"https:\/\/dev.createstorm.com.br\/cambuhy\/wp-json\/wp\/v2\/media?parent=15"}],"curies":[{"name":"wp","href":"https:\/\/api.w.org\/{rel}","templated":true}]}}