{"id":13,"date":"2018-12-09T14:14:55","date_gmt":"2018-12-09T16:14:55","guid":{"rendered":"http:\/\/localhost\/cambhuy\/wordpress\/?page_id=13"},"modified":"2023-10-26T18:25:29","modified_gmt":"2023-10-26T21:25:29","slug":"responsabilidade-ambiental","status":"publish","type":"page","link":"https:\/\/dev.createstorm.com.br\/cambuhy\/responsabilidade-ambiental\/","title":{"rendered":"DIRETRIZES"},"content":{"rendered":"<p>Respeito ao meio ambiente \u00e9 um dos valores da Cambuhy e, por isso, a empresa atua de forma respons\u00e1vel, observando as seguintes diretrizes:<\/p>\n<ul>\n<li>Destina\u00e7\u00e3o correta e tratamento dos res\u00edduos;<\/li>\n<li>Utiliza\u00e7\u00e3o respons\u00e1vel dos defensivos;<\/li>\n<li>Manejo e conserva\u00e7\u00e3o do solo;<\/li>\n<li>Uso consciente e racional da \u00e1gua;<\/li>\n<li>Respeito pela fauna;<\/li>\n<li>Conserva\u00e7\u00e3o, restaura\u00e7\u00e3o e monitoramento das reservas legais e \u00e1reas de preserva\u00e7\u00e3o permanentes (APPs).<\/li>\n<\/ul>\n<p><!-- \/wp:list --><\/p>\n","protected":false},"excerpt":{"rendered":"<p>Respeito ao meio ambiente \u00e9 um dos valores da Cambuhy e, por isso, a empresa atua de forma respons\u00e1vel, observando as seguintes diretrizes: Destina\u00e7\u00e3o correta e tratamento dos res\u00edduos; Utiliza\u00e7\u00e3o respons\u00e1vel dos defensivos; Manejo e conserva\u00e7\u00e3o do solo; Uso consciente e racional da \u00e1gua; Respeito pela fauna; Conserva\u00e7\u00e3o, restaura\u00e7\u00e3o e monitoramento das reservas legais e [&hellip;]<\/p>\n","protected":false},"author":2,"featured_media":525,"parent":0,"menu_order":0,"comment_status":"closed","ping_status":"closed","template":"page-ambiental.php","meta":{"footnotes":""},"_links":{"self":[{"href":"https:\/\/dev.createstorm.com.br\/cambuhy\/wp-json\/wp\/v2\/pages\/13"}],"collection":[{"href":"https:\/\/dev.createstorm.com.br\/cambuhy\/wp-json\/wp\/v2\/pages"}],"about":[{"href":"https:\/\/dev.createstorm.com.br\/cambuhy\/wp-json\/wp\/v2\/types\/page"}],"author":[{"embeddable":true,"href":"https:\/\/dev.createstorm.com.br\/cambuhy\/wp-json\/wp\/v2\/users\/2"}],"replies":[{"embeddable":true,"href":"https:\/\/dev.createstorm.com.br\/cambuhy\/wp-json\/wp\/v2\/comments?post=13"}],"version-history":[{"count":3,"href":"https:\/\/dev.createstorm.com.br\/cambuhy\/wp-json\/wp\/v2\/pages\/13\/revisions"}],"predecessor-version":[{"id":1369,"href":"https:\/\/dev.createstorm.com.br\/cambuhy\/wp-json\/wp\/v2\/pages\/13\/revisions\/1369"}],"wp:featuredmedia":[{"embeddable":true,"href":"https:\/\/dev.createstorm.com.br\/cambuhy\/wp-json\/wp\/v2\/media\/525"}],"wp:attachment":[{"href":"https:\/\/dev.createstorm.com.br\/cambuhy\/wp-json\/wp\/v2\/media?parent=13"}],"curies":[{"name":"wp","href":"https:\/\/api.w.org\/{rel}","templated":true}]}}